{"id":40,"date":"2023-10-10T10:42:10","date_gmt":"2023-10-10T08:42:10","guid":{"rendered":"https:\/\/cours2basse34montpellier.com\/?page_id=40"},"modified":"2023-10-10T10:42:10","modified_gmt":"2023-10-10T08:42:10","slug":"avis-d-eleves","status":"publish","type":"page","link":"https:\/\/cours2basse34montpellier.com\/index.php\/avis-d-eleves\/","title":{"rendered":"AVIS D ELEVES"},"content":{"rendered":"\n<p><\/p>\n\n\n\n<div class=\"wp-block-cover aligncenter has-custom-content-position is-position-top-right wp-duotone-unset-1\" style=\"min-height:350px;aspect-ratio:unset;\"><span aria-hidden=\"true\" class=\"wp-block-cover__background has-background-dim\"><\/span><img loading=\"lazy\" decoding=\"async\" width=\"320\" height=\"180\" class=\"wp-block-cover__image-background wp-image-28\" alt=\"\" src=\"http:\/\/cours2basse34montpellier.com\/wp-content\/uploads\/2023\/10\/mq2-1.jpg\" data-object-fit=\"cover\" srcset=\"https:\/\/cours2basse34montpellier.com\/wp-content\/uploads\/2023\/10\/mq2-1.jpg 320w, https:\/\/cours2basse34montpellier.com\/wp-content\/uploads\/2023\/10\/mq2-1-300x169.jpg 300w\" sizes=\"auto, (max-width: 320px) 100vw, 320px\" \/><div class=\"wp-block-cover__inner-container is-layout-flow wp-block-cover-is-layout-flow\">\n<p class=\"has-text-align-center has-vivid-red-color has-text-color has-large-font-size\"><strong><em>AVIS D ELEVES<\/em><\/strong><\/p>\n<\/div><\/div>\n\n\n\n<div class=\"wp-block-columns is-layout-flex wp-container-core-columns-is-layout-28f84493 wp-block-columns-is-layout-flex\">\n<div class=\"wp-block-column is-layout-flow wp-block-column-is-layout-flow\" style=\"flex-basis:66.66%\">\n<p>&nbsp;<strong><em>AVIS D ELEVES &nbsp;&nbsp;<\/em><\/strong><\/p>\n\n\n\n<p class=\"has-vivid-red-color has-foreground-background-color has-text-color has-background\">.SEBASTIEN&nbsp; &nbsp; &nbsp; &nbsp; &nbsp; &nbsp; &nbsp; &nbsp; &nbsp; &nbsp; &nbsp; &nbsp; &nbsp; &nbsp; &nbsp; &nbsp; &nbsp; &nbsp; &nbsp; &nbsp; &nbsp; &nbsp; &nbsp; &nbsp; &nbsp; &nbsp; &nbsp; &nbsp; &nbsp; &nbsp; &nbsp; &nbsp; &nbsp; &nbsp; &nbsp; &nbsp; &nbsp; &nbsp; &nbsp; &nbsp; &nbsp; &nbsp; &nbsp; &nbsp; &nbsp; &nbsp; &nbsp; &nbsp; &nbsp; &nbsp; &nbsp; &nbsp; &nbsp; &nbsp; &nbsp; &nbsp; &nbsp; &nbsp; &nbsp; &nbsp; &nbsp; &nbsp; &nbsp; &nbsp; &nbsp; &nbsp; &nbsp; &nbsp; &nbsp; &nbsp; &nbsp; &nbsp; &nbsp; &nbsp; &nbsp; &nbsp; &nbsp; &nbsp; &nbsp; &nbsp; &nbsp; &nbsp; &nbsp; &nbsp; &nbsp; &nbsp; &nbsp; &nbsp; &nbsp; Merci Serge pour ces ann\u00e9es de cours qui m\u2019ont rapidement permis d\u2019apprendre les bases et de me perfectionner sur diff\u00e9rents styles musicaux. Depuis, j\u2019ai pu rencontrer et jouer avec plusieurs autres musiciens et ce n\u2019est que du plaisir. Je retiendrais \u00e9galement cette ambiance d\u00e9tendue et tous ces bons moments pass\u00e9s o\u00f9 se m\u00ealaient apprentissage s\u00e9rieux et rigolades.&nbsp;&nbsp;&nbsp;<\/p>\n\n\n\n<p class=\"has-vivid-cyan-blue-background-color has-background\">&nbsp;SAMUEL B,,Les cours que j&rsquo;ai suivi avec Serge ont \u00e9t\u00e9 un vrai plaisir. J&rsquo;ai pu travailler des morceaux tr\u00e8s vari\u00e9s et me tourner vers des styles de musiques auxquels je n&rsquo;aurais pas pens\u00e9 autrement! Ses conseils techniques et musicaux m&rsquo;ont permis de progresser rapidement quand j&rsquo;ai d\u00e9but\u00e9 la basse, et m&rsquo;ont servi dans bien des situations. En plus de leur grande richesse musicale, ses cours sont aussi tr\u00e8s agr\u00e9ables par leur ambiance d\u00e9contract\u00e9 et amicale. Un grand merci \u00e0 Serge pour tous ces bons moments!<\/p>\n\n\n\n<p class=\"has-cyan-bluish-gray-background-color has-background\">FLORENT&nbsp; &nbsp; &nbsp; BASSISTE DE L ORCHESTRE EFFERVESCENCE&nbsp;&nbsp;&nbsp;&nbsp;&nbsp;&nbsp;&nbsp;&nbsp;&nbsp;&nbsp;&nbsp;&nbsp;&nbsp;&nbsp;&nbsp;&nbsp;&nbsp;&nbsp;&nbsp;&nbsp;&nbsp;&nbsp;&nbsp;&nbsp;&nbsp;&nbsp;&nbsp;&nbsp;&nbsp;&nbsp;&nbsp;&nbsp;&nbsp;&nbsp;J\u2019ai \u00e9t\u00e9 accompagn\u00e9 par Serge pendant deux ans. C\u2019est un prof \u00e0 l\u2019\u00e9coute qui n\u2019a eu de cesse de me transmettre, au-del\u00e0 des techniques et m\u00e9thodes indispensables au jeu du bassiste, un \u00e9tat d\u2019esprit.&nbsp;Etre humble, rigoureux, patient\u2026 Ce sont les qualit\u00e9s que l\u2019on attend chez un musicien quel que soit son niveau o\u00f9 ses objectifs et je remercie Serg pour m\u2019avoir enseign\u00e9 cela.<\/p>\n\n\n\n<p class=\"has-background-color has-foreground-background-color has-text-color has-background\">.&nbsp; Bekhta, Nevers&nbsp;&nbsp;&nbsp;mon prof pr\u00e9f\u00e9r\u00e9!!!Grande d\u00e9butante, tr\u00e8s petites mains, je ne savais pas tenir une guitare! Serge est un prof tr\u00e8s p\u00e9dagogue et de bon conseil qui a su m&rsquo;enseigner les bases et me faire progresser tr\u00e8s rapidement avec la musique qui m&rsquo;int\u00e9ressait. En plus, les vid\u00e9os aident beaucoup au travail perso. Malheureusement j&rsquo;ai d\u00fb quitter Montpellier..&nbsp; &nbsp; &nbsp;&nbsp;&nbsp;&nbsp;&nbsp;&nbsp;&nbsp;&nbsp;&nbsp;&nbsp;&nbsp;&nbsp;&nbsp;&nbsp;&nbsp;&nbsp;&nbsp;&nbsp;&nbsp;&nbsp;&nbsp;&nbsp;&nbsp;&nbsp;&nbsp;&nbsp;&nbsp;&nbsp;&nbsp;&nbsp;&nbsp;&nbsp;&nbsp;&nbsp;&nbsp;&nbsp;&nbsp;&nbsp;&nbsp;&nbsp;&nbsp;&nbsp;&nbsp;&nbsp;&nbsp;&nbsp;&nbsp;&nbsp;&nbsp;&nbsp;&nbsp;&nbsp;&nbsp;&nbsp;&nbsp;&nbsp;&nbsp;&nbsp;&nbsp;&nbsp;&nbsp;&nbsp;&nbsp;&nbsp;&nbsp;&nbsp;&nbsp;&nbsp;&nbsp;&nbsp;&nbsp;&nbsp;&nbsp;&nbsp;&nbsp;&nbsp;&nbsp;&nbsp;&nbsp;&nbsp;&nbsp;&nbsp;&nbsp;&nbsp;&nbsp;&nbsp;&nbsp;&nbsp;&nbsp;&nbsp;&nbsp;&nbsp;&nbsp;&nbsp;&nbsp;&nbsp;&nbsp;&nbsp;&nbsp;&nbsp;&nbsp;&nbsp;&nbsp;&nbsp;&nbsp;&nbsp;&nbsp;&nbsp;&nbsp;&nbsp;&nbsp;&nbsp;&nbsp;&nbsp;&nbsp;&nbsp;&nbsp;&nbsp;&nbsp;&nbsp;&nbsp;&nbsp;&nbsp;&nbsp;&nbsp;&nbsp;&nbsp;&nbsp;&nbsp;&nbsp;&nbsp;&nbsp;&nbsp;&nbsp;&nbsp;&nbsp;&nbsp;&nbsp;&nbsp;&nbsp;&nbsp;&nbsp;&nbsp;&nbsp;&nbsp;&nbsp;&nbsp;&nbsp;&nbsp;&nbsp;&nbsp;&nbsp;&nbsp;&nbsp;&nbsp;&nbsp;&nbsp;&nbsp;&nbsp;&nbsp;&nbsp;&nbsp;&nbsp;&nbsp;&nbsp;&nbsp;&nbsp;&nbsp;&nbsp;&nbsp;&nbsp;&nbsp;&nbsp;&nbsp;&nbsp;&nbsp;&nbsp;&nbsp;&nbsp;&nbsp;&nbsp;&nbsp;&nbsp;&nbsp;&nbsp;&nbsp;&nbsp;&nbsp;&nbsp;&nbsp;&nbsp;&nbsp;&nbsp;&nbsp;&nbsp;&nbsp;&nbsp; DANIEL P &nbsp; Guitariste de formation ,je me suis retrouv\u00e9 du jour au lendemain dans un ensemble Jazz comme Bassiste, j&rsquo;ai pens\u00e9 au d\u00e9part que \u00e7a serait facile! grosse d\u00e9ception j&rsquo;ai vite compris mes lacunes.Mais heureusement Serg \u00e9tait l\u00e0 mon sauveur qui a r\u00e9ussit avec la qualit\u00e9 de ces cours et sa grande patience \u00e0 me faire basculer d&rsquo;un instrument \u00e0 l&rsquo;autre. Un grand merci \u00e0 toi Serg.<\/p>\n\n\n\n<p class=\"has-cyan-bluish-gray-background-color has-background\">.ARNAUD B..\u00e7a fait plus de deux ans que je prends des cours avec Serg. Ses cours m&rsquo;ont permis de bien \u00e9voluer au niveau th\u00e9orique, rythmique, du feeling et de la culture de la musique.Serg est tr\u00e8s flexible pour le contenu de ses cours. Les cours suivent les besoins, les envies, et les inspirations du moment. Sa connaissance de la basse et de la musique est tr\u00e8s importante. Il a toujours des choses \u00e0 m&rsquo;apprendre, m\u00eame sur les morceaux les plus obscures que je peux lui demander!L&rsquo;ambiance est toujours relax et pas prise de t\u00eate. C&rsquo;est toujours un plaisir, qu&rsquo;importe les traquas \u00e0 l\u2019ext\u00e9rieur de la bulle musicale<\/p>\n\n\n\n<p class=\"has-vivid-cyan-blue-background-color has-background\">GILLES BET&#8230;..Je &nbsp;prends des cours avec Serge depuis un moment d\u00e9j\u00e0, et les progr\u00e8s sont bien la, c&rsquo;est pas toujours facile et on se met parfois le cerveau a l&rsquo;envers mais \u00e7a finis toujours par rentrer, Serge \u00e9tant un musicien passionn\u00e9 doubl\u00e9 d&rsquo;un p\u00e9dagogue confirm\u00e9 qui,toujours avec gentillesse mais fermet\u00e9, est r\u00e9solu a vous accompagner jusqu&rsquo;au but que vous vous serez fix\u00e9, et il ne l\u00e2chera pas l&rsquo;affaire serge ne goutant pas l a peu pres .&nbsp; &nbsp; &nbsp; &nbsp; &nbsp; &nbsp; &nbsp; &nbsp; &nbsp; &nbsp; &nbsp; &nbsp; &nbsp; &nbsp; &nbsp; &nbsp; &nbsp; &nbsp; &nbsp; &nbsp; les cours restant toujours en mode agr\u00e9able&#8230; Bon cours gil&nbsp;<\/p>\n\n\n\n<p class=\"has-cyan-bluish-gray-background-color has-background\">&nbsp;&nbsp;&nbsp;&nbsp;&nbsp;&nbsp;&nbsp;&nbsp;&nbsp;&nbsp;&nbsp;&nbsp;&nbsp;&nbsp;&nbsp;&nbsp;&nbsp;&nbsp;&nbsp;&nbsp;&nbsp;&nbsp;&nbsp;&nbsp;&nbsp;&nbsp;&nbsp;&nbsp;&nbsp;&nbsp;&nbsp;&nbsp;&nbsp;&nbsp;&nbsp;&nbsp;&nbsp;&nbsp;&nbsp;&nbsp;&nbsp;&nbsp;&nbsp;&nbsp;&nbsp;&nbsp;&nbsp;&nbsp;&nbsp;&nbsp;&nbsp;&nbsp;&nbsp;&nbsp;&nbsp;&nbsp;&nbsp;&nbsp;&nbsp;&nbsp;&nbsp;&nbsp;&nbsp;&nbsp;&nbsp;&nbsp;&nbsp;&nbsp;&nbsp;&nbsp;&nbsp;&nbsp;&nbsp;&nbsp;&nbsp;&nbsp;&nbsp;&nbsp;&nbsp;&nbsp;&nbsp;&nbsp;&nbsp;&nbsp;&nbsp;&nbsp;&nbsp;&nbsp;&nbsp;&nbsp;&nbsp;&nbsp;&nbsp;&nbsp;&nbsp;&nbsp;&nbsp;&nbsp;&nbsp;&nbsp;&nbsp;&nbsp;&nbsp;&nbsp;&nbsp;&nbsp;&nbsp;&nbsp;&nbsp;&nbsp;&nbsp;&nbsp;&nbsp;&nbsp;&nbsp;&nbsp;&nbsp;&nbsp;&nbsp;&nbsp;&nbsp;&nbsp;&nbsp;&nbsp;&nbsp;&nbsp;&nbsp;&nbsp;&nbsp;&nbsp;&nbsp;&nbsp;&nbsp;&nbsp;&nbsp;&nbsp;&nbsp;&nbsp;&nbsp;&nbsp;&nbsp;&nbsp;&nbsp;&nbsp;&nbsp;&nbsp;&nbsp;&nbsp;&nbsp;&nbsp;&nbsp;&nbsp;&nbsp;&nbsp;&nbsp;&nbsp;&nbsp;&nbsp;&nbsp;&nbsp;&nbsp;&nbsp;&nbsp;&nbsp;&nbsp;&nbsp;&nbsp;&nbsp;&nbsp;&nbsp;&nbsp;&nbsp;&nbsp;&nbsp;&nbsp;&nbsp;&nbsp;&nbsp;&nbsp;&nbsp;&nbsp;&nbsp;&nbsp;&nbsp;&nbsp;&nbsp;&nbsp;&nbsp;&nbsp;&nbsp;&nbsp;&nbsp;&nbsp;&nbsp;&nbsp;&nbsp;&nbsp;&nbsp;&nbsp;&nbsp;&nbsp;&nbsp;&nbsp;&nbsp;&nbsp;&nbsp;&nbsp;&nbsp;&nbsp;&nbsp;&nbsp;&nbsp;&nbsp;&nbsp;ANNITA &nbsp; BOUCHT. &nbsp;J&rsquo;ai trouv\u00e9 dans les cours de Serge de la flexibilit\u00e9 et de la rigueur. De la flexibilit\u00e9 car j&rsquo;arrivais parfois avec des attentes bien pr\u00e9cises auxquelles il a su r\u00e9pondre. De la rigueur car je ne vois pas comment on peut l&rsquo;\u00e9viter dans l&rsquo;apprentissage d&rsquo;une technique instrumentale.J&rsquo;ai pris plaisir \u00e0 d\u00e9couvrir des lignes classiques de basse, de pouvoir les d\u00e9cortiquer et peut \u00eatre m\u00eame de les jouer un peu.&nbsp; &nbsp;Merci pour cette belle aventure partag\u00e9e! &nbsp; Annita<\/p>\n\n\n\n<p class=\"has-vivid-cyan-blue-background-color has-background\">&nbsp;JEAN LOUIS TURBOT .. &nbsp;Je suis les cours de basse avec Serge depuis 2015 je ne peux que le recommander, peu importe votre \u00e2ge&nbsp; votre niveau . Serge a une tr\u00e8s grande exp\u00e9rience et une culture musicale impressionnante. Il vous fait \u00e9voluer tout en vous faisant d\u00e9couvrir les standards de la basse, il s&rsquo;adapte \u00e0 votre niveau , \u00e0 vos go\u00fbt musicaux&nbsp; et il capable d&rsquo;adapter sa m\u00e9thode p\u00e9dagogique \u00e0 votre mani\u00e8re de fonctionner\/comprendreJe suis donc tr\u00e8s satisfait de ses cours ,de lui.&nbsp;Je dirai m\u00eame avoir de la chance de suivre ses cours.<\/p>\n\n\n\n<p class=\"has-cyan-bluish-gray-background-color has-background\"><strong>&nbsp;<\/strong>&nbsp;<strong>sandrine gonthier<\/strong>A la base parfaitement novice en la mati\u00e8re, j\u2019ai pu gr\u00e2ce \u00e0 Serge b\u00e9n\u00e9ficier d\u2019un accompagnement de grande qualit\u00e9 pour mes premiers pas en tant que bassiste. Serge fait preuve de beaucoup de patience et d\u2019\u00e9coute, se montre attentif envers ses \u00e9l\u00e8ves, donne le plaisir d\u2019apprendre sans malmener sa t\u00eate ni son corps . C\u2019est un musicien talentueux, qui poss\u00e8de une solide culture musicale, et qui dispense ses cours avec passion et engagement. Ne cherchant pas \u00e0 nous bourrer le cr\u00e2ne, il sait prendre le temps d\u2019enseigner des bases solides \u00e0 un rythme progressif, tout en prenant compte des envies et des besoins de ses \u00e9l\u00e8ves. Ajoutons \u00e0 cela une personne tr\u00e8s humaine et hyper sympa, j\u2019arr\u00eate de te jeter des fleurs , Serge , tu vas prendre le melon! En tout cas n\u2019h\u00e9sitez pas, il est au top! \u00bb<\/p>\n\n\n\n<p class=\"has-vivid-cyan-blue-background-color has-background\">STEPHANE&nbsp; FEIL..&nbsp; montpellier &nbsp; &nbsp; &nbsp; &nbsp; &nbsp; &nbsp; &nbsp; &nbsp; &nbsp; &nbsp; Je prends des cours avec Serge depuis 5 ans et les progr\u00e8s r\u00e9alis\u00e9s sont \u00e9normes. Gr\u00e2ce \u00e0 son exp\u00e9rience et sa p\u00e9dagogie, il est capable de discerner tr\u00e8s rapidement vos points faibles pour vous guider dans l&rsquo;apprentissage de la basse et de la th\u00e9orie musicale et ce quel que soit votre niveau : je recommande \u00e0 100% !<\/p>\n\n\n\n<p class=\"has-cyan-bluish-gray-background-color has-background\">Fred.E..&nbsp; de Pignan&nbsp; &nbsp; &nbsp; &nbsp; &nbsp; &nbsp; &nbsp; &nbsp; &nbsp; &nbsp; &nbsp; &nbsp; &nbsp; &nbsp; &nbsp; &nbsp; &nbsp; &nbsp; &nbsp;  Serge est un super prof et qui de plus a de la \u00ab\u00a0bouteille\u00a0\u00bb ( Au bon sens du terme !!) Ce qui est vraiment appr\u00e9ciable car il poss\u00e8de une tr\u00e8s bonne culture musicale et une&nbsp; solide exp\u00e9rience p\u00e9dagogique .Bref, je recommande car en plus il est sympa !!!<\/p>\n\n\n\n<p class=\"has-vivid-cyan-blue-background-color has-background\">&nbsp;ANNE HELENE&nbsp;SERG A UNE MANIERE TRES NATURELLE D ABORDER LA BASSE.IL EST HUMBLE MALGRE SON NIVEAU ET EXPERIENCE&nbsp;JE SUIS RAVIE .<\/p>\n\n\n\n<p class=\"has-cyan-bluish-gray-background-color has-background\"><strong>&nbsp;THIERRY GUITTRET&#8230; &nbsp; &nbsp; &nbsp; &nbsp; &nbsp; &nbsp; &nbsp; &nbsp; &nbsp; &nbsp; &nbsp; &nbsp; &nbsp; &nbsp; &nbsp; &nbsp; Merci Serge de m&rsquo;avoir permis d&rsquo;atteindre mon r\u00eave : jouer et partager la musique.Tu as su \u00eatre \u00e0 l&rsquo;\u00e9coute et compos\u00e9 avec mes envies et mes contraintes.&nbsp; Tu m&rsquo;as donn\u00e9 confiance puis fait progress\u00e9 sur la th\u00e9orie et la pratique.Je te remercie du bonheur que j&rsquo;ai aujourd&rsquo;hui de jouer en groupe.Continues comme cela&nbsp;Musicalement&nbsp;<\/strong><\/p>\n\n\n\n<p class=\"has-vivid-cyan-blue-background-color has-background\"><strong>PATRICK DUBOSC..<\/strong><\/p>\n\n\n\n<p class=\"has-vivid-cyan-blue-background-color has-background\"><strong> Les cours que je prends avec Serg sont d&rsquo;une grande qualit\u00e9. Tr\u00e8s p\u00e9dagogue, il n&rsquo;h\u00e9site pas \u00e0 r\u00e9peter ou \u00e0 r\u00e9expliquer les grandes lignes de la&nbsp; basse que doit conna\u00eetre un d\u00e9butant. Travail ax\u00e9 sur des morceaux choisis par l&rsquo;\u00e9l\u00e8ve et servant de base \u00e0 l&rsquo;\u00e9tude qui permet d&rsquo;\u00e9voluer rapidement. Restant s\u00e9rieux et appliqu\u00e9 dans ses cours ces moments se passent toujours dans la bonne humeur. Sans son initiation et ses conseils, j&rsquo;aurais continuer \u00e0 \u00ab\u00a0gratouiller ma basse sont me douter du plaisir que l&rsquo;on peut prendre lorsque l&rsquo;on connait un peu plus son instrument.&nbsp; &nbsp; &nbsp; &nbsp; &nbsp; &nbsp; &nbsp; &nbsp; &nbsp; &nbsp; &nbsp; &nbsp; &nbsp; &nbsp; &nbsp; &nbsp; &nbsp; &nbsp; Merci \u00e0 luI<\/strong><\/p>\n\n\n\n<p class=\"has-vivid-cyan-blue-background-color has-background\">STEF BAPTS.paris Sergio a \u00e9t\u00e9 mon professeur pendant 5 ans. J\u2019ai commenc\u00e9 les cours avec Sergio en tant que d\u00e9butant. Il a su me prodiguer la rigueur, son savoir pour comprendre la musique et me perfectionner. C\u2019est quelqu\u2019un d\u2019attentionn\u00e9 qui a su s\u2019adapter \u00e0 mon \u00e9volution et&nbsp; a su me motiver quand cela \u00e9tait n\u00e9cessaire avec beaucoup de patience.Son savoir et sa rigueur m\u2019ont permis d\u2019\u00e9voluer continuellement jusqu\u2019\u00e0 aujourd\u2019hui. Il a su mettre en place en moi une solide fondation en apprenant le solf\u00e8ge, la rythmique, gammes&#8230; qui sont n\u00e9cessaire si on souhaite avoir une \u00e9volution constanteJe remercie Sergio de m\u2019avoir permis de pratiquer un instrument que je ne connaissais pas et ce&nbsp; \u00e9tape par \u00e9tape.<\/p>\n\n\n\n<p class=\"has-cyan-bluish-gray-background-color has-background\">&nbsp;AURELIEN BOTT.. TOULOUSE&nbsp;J AI DECOUVERT DANS LES COURS QUELQU UN QUI CONNAIT SON SUJET D&nbsp; OUVERT ET DE&nbsp; SOUPLE . UN PROF AGREABLE ET&nbsp; QUI SAIT PRENDRE LE TEMPS&nbsp;&nbsp;BREF DE BONNES CONDITIONS POUR TRAVAILLER &nbsp;MERCI A TOI&nbsp; &nbsp; &nbsp; &nbsp; aurelien&nbsp;&nbsp;<\/p>\n\n\n\n<p class=\"has-vivid-cyan-blue-background-color has-background\">martiaLhantz&nbsp; &nbsp; &nbsp; &nbsp; &nbsp; &nbsp; &nbsp; &nbsp; &nbsp; &nbsp; &nbsp; &nbsp; &nbsp; &nbsp; &nbsp; &nbsp; &nbsp; &nbsp; &nbsp; &nbsp; &nbsp; &nbsp; &nbsp; Pendant 2 ans apres avoi rcommence en autodidacte j&nbsp; ai suivi les cours de serg qui m a aide&nbsp; a reprendre les bonnes bases de la&nbsp; technique instrumentale&nbsp; ainsi qu en parrallele a etudier les bases du solfege et de la theorie musicale que j estime necessaire a tout bassiste &nbsp; &nbsp; &nbsp; &nbsp; martial&nbsp;<\/p>\n\n\n\n<p class=\"has-cyan-bluish-gray-background-color has-background\">HERVE&nbsp;&nbsp;IL YA UN PEU PLUS DE 2 ANS J AI CHERCHE UN PROF DE BASSE POUR M Y REMETTRE .J AI EU LA CHANCE DE TROUVER SERGE&nbsp; &nbsp; &nbsp; &nbsp; QUI EST UN VERITABLE BASSISTE AVEC BEAUCOUP D EXPERIENCE .IL SAIT RECADRER CE QUI NE VA PAS&nbsp; TOUT EN LAISSANT UNE GRANDE LATITUDE DE CHOIX DANS CE QU ON VEUT TRAVAVAILLER.IMPORTANT POUR MOI AUSSI IL EST TRES FLEXIBLE POUR LE PLACEMENT DES COURS .BREF MERCI SERGE POUR M AVOIR FAIT PROGRESSER ET POUR TOUT CE QUE TU M AS APPORTE ENCORE&nbsp;<\/p>\n\n\n\n<p class=\"has-vivid-cyan-blue-background-color has-background\">laura&nbsp;&nbsp;tres bon prof de basse&nbsp; qui me fait evoluer depuis 2ans &nbsp; ;tres patient&nbsp; et&nbsp; a l ecoute;je&nbsp; recommande vivement ; je repars toujours avec le sourire de ses cours&nbsp;;tres bon proF!<\/p>\n\n\n\n<p class=\"has-cyan-bluish-gray-background-color has-background\">eric&nbsp;vrai bassiste avec beacoup d experience quie detecte rapidement nos pistes d ameliorationet sait se mettre a notre niveau meme totalement debutant ;tres patient toujours agreable et&nbsp;encourageant; les cours sont detendantsun bon moment partage pour decouvrir la basse ;progresser;et apprendre les principes de la musique ; il connait tellement de morceaux&nbsp; qu il en trouve a chaque fois qui nous corresponde je recommande !!&nbsp;<\/p>\n\n\n\n<p class=\"has-vivid-cyan-blue-background-color has-background\">WILLIAM serg est un vrai prof de basse;ancien musicien pro il sait de quoi il parle!!Super pedagogue il fait travavailler ses eleves en partant toujours&nbsp; de&nbsp; l apprentissage&nbsp; de morceaux connus&nbsp; choisisavec eux selon leurs gouts musicaux;je le recommande a 100 \u00b0\/\u00b0Et en plus il est super sympa c est un vrai plaisir de travailler so instrument&nbsp;on ne voit pas le tmps du cours passer avec lui<\/p>\n\n\n\n<p class=\"has-cyan-bluish-gray-background-color has-background\">&nbsp;LIONEL NETT&nbsp; LES COURS QUE JE PRENDS AVEC SERG SONT D UNE GRANDE QUALITE.TRES PEDAGOGUE IL N HESITE PAS &nbsp; &nbsp; A&nbsp; REPETER OU A REEXPLIQUER LES GRANDES LIGNES DE LA BASSE&nbsp; QUE DOIT CONNAITRE UN DEBUTANT&nbsp; &nbsp; &nbsp; &nbsp; TRAVAIL AXE SUR DES MORCEAUX CHOISIS PAR L ELEVE ET SERVANT DE BASE&nbsp; A L ETUDE QUI PERMET D EVOLUER RAPIDEMENT . RESTANT SERIEUX&nbsp; ET APPLIQUE DANS SES COURS CES MOMENTS SE PASSENT TOUJOURS&nbsp; DANS LA BONNE HUMEUR.SANS SON INITIATION ET SES CONSEILS .J AURAIS CONTINUER A GRATOUILLER MA BASSE SANS ME DOUTER&nbsp; DU PLAISIR QUE L ON PEUT PRENDRE LORSQU ON CONNAIT UN PEU PLUS SON INSTRUMENT &nbsp; &nbsp; &nbsp; MERGI SERG<\/p>\n<\/div>\n\n\n\n<div class=\"wp-block-column is-vertically-aligned-center is-layout-flow wp-block-column-is-layout-flow\" style=\"flex-basis:33.33%\"><\/div>\n<\/div>\n\n\n\n\n\n\n\n<div class=\"wp-block-columns is-layout-flex wp-container-core-columns-is-layout-28f84493 wp-block-columns-is-layout-flex\">\n<div class=\"wp-block-column is-layout-flow wp-block-column-is-layout-flow\" style=\"flex-basis:100%\">\n<div class=\"wp-block-columns is-layout-flex wp-container-core-columns-is-layout-28f84493 wp-block-columns-is-layout-flex\">\n<div class=\"wp-block-column is-layout-flow wp-block-column-is-layout-flow\" style=\"flex-basis:66.66%\">\n<div class=\"wp-block-columns is-layout-flex wp-container-core-columns-is-layout-28f84493 wp-block-columns-is-layout-flex\"><\/div>\n<\/div>\n<\/div>\n<\/div>\n<\/div>\n","protected":false},"excerpt":{"rendered":"<p>&nbsp;AVIS D ELEVES &nbsp;&nbsp; .SEBASTIEN&nbsp; &nbsp; &nbsp; &nbsp; &nbsp; &nbsp; &nbsp; &nbsp; &nbsp; &nbsp; &nbsp; &nbsp; &nbsp; &nbsp; &nbsp; &nbsp; &nbsp; &nbsp; &nbsp; &nbsp; &nbsp; &nbsp; &nbsp; &nbsp; &nbsp; &nbsp; &nbsp; &nbsp; &nbsp; &nbsp; &nbsp; &nbsp; &nbsp; &nbsp; &nbsp; &nbsp; &nbsp; &nbsp; &nbsp; &nbsp; &nbsp; &nbsp; &nbsp; &nbsp; &nbsp; &nbsp; &nbsp; &nbsp; &nbsp; &nbsp; &nbsp; [&hellip;]<\/p>\n","protected":false},"author":1,"featured_media":0,"parent":0,"menu_order":0,"comment_status":"closed","ping_status":"closed","template":"","meta":{"footnotes":""},"class_list":["post-40","page","type-page","status-publish","hentry"],"_links":{"self":[{"href":"https:\/\/cours2basse34montpellier.com\/index.php\/wp-json\/wp\/v2\/pages\/40","targetHints":{"allow":["GET"]}}],"collection":[{"href":"https:\/\/cours2basse34montpellier.com\/index.php\/wp-json\/wp\/v2\/pages"}],"about":[{"href":"https:\/\/cours2basse34montpellier.com\/index.php\/wp-json\/wp\/v2\/types\/page"}],"author":[{"embeddable":true,"href":"https:\/\/cours2basse34montpellier.com\/index.php\/wp-json\/wp\/v2\/users\/1"}],"replies":[{"embeddable":true,"href":"https:\/\/cours2basse34montpellier.com\/index.php\/wp-json\/wp\/v2\/comments?post=40"}],"version-history":[{"count":7,"href":"https:\/\/cours2basse34montpellier.com\/index.php\/wp-json\/wp\/v2\/pages\/40\/revisions"}],"predecessor-version":[{"id":66,"href":"https:\/\/cours2basse34montpellier.com\/index.php\/wp-json\/wp\/v2\/pages\/40\/revisions\/66"}],"wp:attachment":[{"href":"https:\/\/cours2basse34montpellier.com\/index.php\/wp-json\/wp\/v2\/media?parent=40"}],"curies":[{"name":"wp","href":"https:\/\/api.w.org\/{rel}","templated":true}]}}